{"id":2100,"date":"2022-10-10T13:37:58","date_gmt":"2022-10-10T13:37:58","guid":{"rendered":"https:\/\/adventurelocation.server-prod.com\/?post_type=product&#038;p=2100"},"modified":"2023-06-19T08:50:12","modified_gmt":"2023-06-19T08:50:12","slug":"husqvarna-901-norden","status":"publish","type":"product","link":"https:\/\/www.adventure-centre.com\/rental-bike-location-moto\/produit\/husqvarna-901-norden\/","title":{"rendered":"Husqvarna 901 Norden"},"content":{"rendered":"<h3 class=\"moto-specs--title\">Caract\u00e9ristiques<\/h3>\n<ul class=\"moto-specs--list\">\n<li>\n<div><strong class=\"moto-spec--label\">Type:\u00a0<\/strong><span class=\"moto-spec--value\">Adventure<\/span><\/div>\n<div><strong class=\"moto-spec--label\">Marque:\u00a0<\/strong><span class=\"moto-spec--value\">Husqvarna<\/span><\/div>\n<div><strong class=\"moto-spec--label\">Mod\u00e8le:\u00a0<\/strong><span class=\"moto-spec--value\">901 Norden<\/span><\/div>\n<div><strong class=\"moto-spec--label\">Cylindr\u00e9e:\u00a0<\/strong><span class=\"moto-spec--value\">889<\/span><\/div>\n<div><strong class=\"moto-spec--label\">Puissance en chevaux:\u00a0<\/strong><span class=\"moto-spec--value\">105<\/span><\/div>\n<div><strong class=\"moto-spec--label\">Poids \u00e0 sec: <\/strong><span class=\"moto-spec--value\">204 kg<\/span><\/div>\n<div><strong class=\"moto-spec--label\">Hauteur du si\u00e8ge:\u00a0<\/strong><span class=\"moto-spec--value\">854 mm<\/span><\/div>\n<div><span class=\"moto-spec--value\"><strong class=\"moto-spec--label\">R\u00e9servoir: <\/strong>19 litres<\/span><\/div>\n<div><strong class=\"moto-spec--label\">Bagages:\u00a0<\/strong><span class=\"moto-spec--value\">Panniers alu ou souples Touratech<\/span><\/div>\n<div><strong class=\"moto-spec--label\">Capacit\u00e9 de bagages:\u00a0<\/strong><span class=\"moto-spec--value\">31 L \/ 38 L<\/span><\/div>\n<\/li>\n<\/ul>\n<p class=\"moto-specs--requirements\"><em>Exigences: \u00c2ge minimum requis (nous consulter). Minimum trois ans de permis de conduire et d\u2019exp\u00e9rience dans la conduite de motos.<\/em><\/p>\n","protected":false},"excerpt":{"rendered":"<p>Caract\u00e9ristiques Type:\u00a0Adventure Marque:\u00a0Husqvarna Mod\u00e8le:\u00a0901 Norden Cylindr\u00e9e:\u00a0889 Puissance en chevaux:\u00a0105 Poids \u00e0 sec: 204 kg Hauteur du si\u00e8ge:\u00a0854 mm R\u00e9servoir: 19 litres Bagages:\u00a0Panniers alu ou souples Touratech Capacit\u00e9 de bagages:\u00a031 L \/ 38 L Exigences: \u00c2ge minimum requis (nous consulter). Minimum trois ans de permis de conduire et d\u2019exp\u00e9rience dans la conduite de motos.<\/p>\n","protected":false},"featured_media":2132,"template":"","meta":[],"product_cat":[225],"product_tag":[],"class_list":{"0":"post-2100","1":"product","2":"type-product","3":"status-publish","4":"has-post-thumbnail","6":"product_cat-700-1000-cc","8":"first","9":"instock","10":"taxable","11":"shipping-taxable","12":"purchasable","13":"product-type-redq_rental"},"yoast_head":"<!-- This site is optimized with the Yoast SEO plugin v24.1 - https:\/\/yoast.com\/wordpress\/plugins\/seo\/ -->\n<title>Husqvarna 901 Norden - Touratech Maroc<\/title>\n<meta name=\"description\" content=\"Rapide, agile et fun, la Norden 901 est une moto con\u00e7ue pour de longues journ\u00e9es en selle, sur tarmac ou sur piste. La Norden 901 est riche en technologies utiles pour permettre au pilote de se concentrer sur la conduite. Le moteur bicylindre de 889 cm3 d\u00e9livre une puissance de 105 ch et 100 Nm de couple, controlable par un acc\u00e9l\u00e9rateur ride-by-wire. Trois modes de conduite sont offertes en standard (Street, Rain, Offroad) ainsi qu&#039;un mode Explorer, id\u00e9ales pour parcourir le routes et pistes du Maroc. Il existe \u00e9galement une fonction Easy Shift permettant des changements sans embrayage.\" \/>\n<meta name=\"robots\" content=\"index, follow, max-snippet:-1, max-image-preview:large, max-video-preview:-1\" \/>\n<link rel=\"canonical\" href=\"https:\/\/www.adventure-centre.com\/rental-bike-location-moto\/produit\/husqvarna-901-norden\/\" \/>\n<meta property=\"og:locale\" content=\"fr_FR\" \/>\n<meta property=\"og:type\" content=\"article\" \/>\n<meta property=\"og:title\" content=\"Husqvarna 901 Norden - Touratech Maroc\" \/>\n<meta property=\"og:description\" content=\"Rapide, agile et fun, la Norden 901 est une moto con\u00e7ue pour de longues journ\u00e9es en selle, sur tarmac ou sur piste. La Norden 901 est riche en technologies utiles pour permettre au pilote de se concentrer sur la conduite. Le moteur bicylindre de 889 cm3 d\u00e9livre une puissance de 105 ch et 100 Nm de couple, controlable par un acc\u00e9l\u00e9rateur ride-by-wire. Trois modes de conduite sont offertes en standard (Street, Rain, Offroad) ainsi qu&#039;un mode Explorer, id\u00e9ales pour parcourir le routes et pistes du Maroc. Il existe \u00e9galement une fonction Easy Shift permettant des changements sans embrayage.\" \/>\n<meta property=\"og:url\" content=\"https:\/\/www.adventure-centre.com\/rental-bike-location-moto\/produit\/husqvarna-901-norden\/\" \/>\n<meta property=\"og:site_name\" content=\"Touratech Maroc\" \/>\n<meta property=\"article:modified_time\" content=\"2023-06-19T08:50:12+00:00\" \/>\n<meta property=\"og:image\" content=\"https:\/\/www.adventure-centre.com\/rental-bike-location-moto\/wp-content\/uploads\/2022\/10\/Husqvarna-901-Norden.png\" \/>\n\t<meta property=\"og:image:width\" content=\"750\" \/>\n\t<meta property=\"og:image:height\" content=\"677\" \/>\n\t<meta property=\"og:image:type\" content=\"image\/png\" \/>\n<meta name=\"twitter:card\" content=\"summary_large_image\" \/>\n<meta name=\"twitter:label1\" content=\"Dur\u00e9e de lecture estim\u00e9e\" \/>\n\t<meta name=\"twitter:data1\" content=\"1 minute\" \/>\n<script type=\"application\/ld+json\" class=\"yoast-schema-graph\">{\"@context\":\"https:\/\/schema.org\",\"@graph\":[{\"@type\":\"WebPage\",\"@id\":\"https:\/\/www.adventure-centre.com\/rental-bike-location-moto\/produit\/husqvarna-901-norden\/\",\"url\":\"https:\/\/www.adventure-centre.com\/rental-bike-location-moto\/produit\/husqvarna-901-norden\/\",\"name\":\"Husqvarna 901 Norden - Touratech Maroc\",\"isPartOf\":{\"@id\":\"https:\/\/www.adventure-centre.com\/rental-bike-location-moto\/#website\"},\"primaryImageOfPage\":{\"@id\":\"https:\/\/www.adventure-centre.com\/rental-bike-location-moto\/produit\/husqvarna-901-norden\/#primaryimage\"},\"image\":{\"@id\":\"https:\/\/www.adventure-centre.com\/rental-bike-location-moto\/produit\/husqvarna-901-norden\/#primaryimage\"},\"thumbnailUrl\":\"https:\/\/www.adventure-centre.com\/rental-bike-location-moto\/wp-content\/uploads\/2022\/10\/Husqvarna-901-Norden.png\",\"datePublished\":\"2022-10-10T13:37:58+00:00\",\"dateModified\":\"2023-06-19T08:50:12+00:00\",\"description\":\"Rapide, agile et fun, la Norden 901 est une moto con\u00e7ue pour de longues journ\u00e9es en selle, sur tarmac ou sur piste. La Norden 901 est riche en technologies utiles pour permettre au pilote de se concentrer sur la conduite. Le moteur bicylindre de 889 cm3 d\u00e9livre une puissance de 105 ch et 100 Nm de couple, controlable par un acc\u00e9l\u00e9rateur ride-by-wire. Trois modes de conduite sont offertes en standard (Street, Rain, Offroad) ainsi qu'un mode Explorer, id\u00e9ales pour parcourir le routes et pistes du Maroc. Il existe \u00e9galement une fonction Easy Shift permettant des changements sans embrayage.\",\"breadcrumb\":{\"@id\":\"https:\/\/www.adventure-centre.com\/rental-bike-location-moto\/produit\/husqvarna-901-norden\/#breadcrumb\"},\"inLanguage\":\"fr-FR\",\"potentialAction\":[{\"@type\":\"ReadAction\",\"target\":[\"https:\/\/www.adventure-centre.com\/rental-bike-location-moto\/produit\/husqvarna-901-norden\/\"]}]},{\"@type\":\"ImageObject\",\"inLanguage\":\"fr-FR\",\"@id\":\"https:\/\/www.adventure-centre.com\/rental-bike-location-moto\/produit\/husqvarna-901-norden\/#primaryimage\",\"url\":\"https:\/\/www.adventure-centre.com\/rental-bike-location-moto\/wp-content\/uploads\/2022\/10\/Husqvarna-901-Norden.png\",\"contentUrl\":\"https:\/\/www.adventure-centre.com\/rental-bike-location-moto\/wp-content\/uploads\/2022\/10\/Husqvarna-901-Norden.png\",\"width\":750,\"height\":677},{\"@type\":\"BreadcrumbList\",\"@id\":\"https:\/\/www.adventure-centre.com\/rental-bike-location-moto\/produit\/husqvarna-901-norden\/#breadcrumb\",\"itemListElement\":[{\"@type\":\"ListItem\",\"position\":1,\"name\":\"Accueil\",\"item\":\"https:\/\/www.adventure-centre.com\/rental-bike-location-moto\/\"},{\"@type\":\"ListItem\",\"position\":2,\"name\":\"Shop\",\"item\":\"https:\/\/www.adventure-centre.com\/rental-bike-location-moto\/shop\/\"},{\"@type\":\"ListItem\",\"position\":3,\"name\":\"Husqvarna 901 Norden\"}]},{\"@type\":\"WebSite\",\"@id\":\"https:\/\/www.adventure-centre.com\/rental-bike-location-moto\/#website\",\"url\":\"https:\/\/www.adventure-centre.com\/rental-bike-location-moto\/\",\"name\":\"Touratech Maroc\",\"description\":\"Louez une moto au Maroc\",\"potentialAction\":[{\"@type\":\"SearchAction\",\"target\":{\"@type\":\"EntryPoint\",\"urlTemplate\":\"https:\/\/www.adventure-centre.com\/rental-bike-location-moto\/?s={search_term_string}\"},\"query-input\":{\"@type\":\"PropertyValueSpecification\",\"valueRequired\":true,\"valueName\":\"search_term_string\"}}],\"inLanguage\":\"fr-FR\"}]}<\/script>\n<!-- \/ Yoast SEO plugin. -->","yoast_head_json":{"title":"Husqvarna 901 Norden - Touratech Maroc","description":"Rapide, agile et fun, la Norden 901 est une moto con\u00e7ue pour de longues journ\u00e9es en selle, sur tarmac ou sur piste. La Norden 901 est riche en technologies utiles pour permettre au pilote de se concentrer sur la conduite. Le moteur bicylindre de 889 cm3 d\u00e9livre une puissance de 105 ch et 100 Nm de couple, controlable par un acc\u00e9l\u00e9rateur ride-by-wire. Trois modes de conduite sont offertes en standard (Street, Rain, Offroad) ainsi qu'un mode Explorer, id\u00e9ales pour parcourir le routes et pistes du Maroc. Il existe \u00e9galement une fonction Easy Shift permettant des changements sans embrayage.","robots":{"index":"index","follow":"follow","max-snippet":"max-snippet:-1","max-image-preview":"max-image-preview:large","max-video-preview":"max-video-preview:-1"},"canonical":"https:\/\/www.adventure-centre.com\/rental-bike-location-moto\/produit\/husqvarna-901-norden\/","og_locale":"fr_FR","og_type":"article","og_title":"Husqvarna 901 Norden - Touratech Maroc","og_description":"Rapide, agile et fun, la Norden 901 est une moto con\u00e7ue pour de longues journ\u00e9es en selle, sur tarmac ou sur piste. La Norden 901 est riche en technologies utiles pour permettre au pilote de se concentrer sur la conduite. Le moteur bicylindre de 889 cm3 d\u00e9livre une puissance de 105 ch et 100 Nm de couple, controlable par un acc\u00e9l\u00e9rateur ride-by-wire. Trois modes de conduite sont offertes en standard (Street, Rain, Offroad) ainsi qu'un mode Explorer, id\u00e9ales pour parcourir le routes et pistes du Maroc. Il existe \u00e9galement une fonction Easy Shift permettant des changements sans embrayage.","og_url":"https:\/\/www.adventure-centre.com\/rental-bike-location-moto\/produit\/husqvarna-901-norden\/","og_site_name":"Touratech Maroc","article_modified_time":"2023-06-19T08:50:12+00:00","og_image":[{"width":750,"height":677,"url":"https:\/\/www.adventure-centre.com\/rental-bike-location-moto\/wp-content\/uploads\/2022\/10\/Husqvarna-901-Norden.png","type":"image\/png"}],"twitter_card":"summary_large_image","twitter_misc":{"Dur\u00e9e de lecture estim\u00e9e":"1 minute"},"schema":{"@context":"https:\/\/schema.org","@graph":[{"@type":"WebPage","@id":"https:\/\/www.adventure-centre.com\/rental-bike-location-moto\/produit\/husqvarna-901-norden\/","url":"https:\/\/www.adventure-centre.com\/rental-bike-location-moto\/produit\/husqvarna-901-norden\/","name":"Husqvarna 901 Norden - Touratech Maroc","isPartOf":{"@id":"https:\/\/www.adventure-centre.com\/rental-bike-location-moto\/#website"},"primaryImageOfPage":{"@id":"https:\/\/www.adventure-centre.com\/rental-bike-location-moto\/produit\/husqvarna-901-norden\/#primaryimage"},"image":{"@id":"https:\/\/www.adventure-centre.com\/rental-bike-location-moto\/produit\/husqvarna-901-norden\/#primaryimage"},"thumbnailUrl":"https:\/\/www.adventure-centre.com\/rental-bike-location-moto\/wp-content\/uploads\/2022\/10\/Husqvarna-901-Norden.png","datePublished":"2022-10-10T13:37:58+00:00","dateModified":"2023-06-19T08:50:12+00:00","description":"Rapide, agile et fun, la Norden 901 est une moto con\u00e7ue pour de longues journ\u00e9es en selle, sur tarmac ou sur piste. La Norden 901 est riche en technologies utiles pour permettre au pilote de se concentrer sur la conduite. Le moteur bicylindre de 889 cm3 d\u00e9livre une puissance de 105 ch et 100 Nm de couple, controlable par un acc\u00e9l\u00e9rateur ride-by-wire. Trois modes de conduite sont offertes en standard (Street, Rain, Offroad) ainsi qu'un mode Explorer, id\u00e9ales pour parcourir le routes et pistes du Maroc. Il existe \u00e9galement une fonction Easy Shift permettant des changements sans embrayage.","breadcrumb":{"@id":"https:\/\/www.adventure-centre.com\/rental-bike-location-moto\/produit\/husqvarna-901-norden\/#breadcrumb"},"inLanguage":"fr-FR","potentialAction":[{"@type":"ReadAction","target":["https:\/\/www.adventure-centre.com\/rental-bike-location-moto\/produit\/husqvarna-901-norden\/"]}]},{"@type":"ImageObject","inLanguage":"fr-FR","@id":"https:\/\/www.adventure-centre.com\/rental-bike-location-moto\/produit\/husqvarna-901-norden\/#primaryimage","url":"https:\/\/www.adventure-centre.com\/rental-bike-location-moto\/wp-content\/uploads\/2022\/10\/Husqvarna-901-Norden.png","contentUrl":"https:\/\/www.adventure-centre.com\/rental-bike-location-moto\/wp-content\/uploads\/2022\/10\/Husqvarna-901-Norden.png","width":750,"height":677},{"@type":"BreadcrumbList","@id":"https:\/\/www.adventure-centre.com\/rental-bike-location-moto\/produit\/husqvarna-901-norden\/#breadcrumb","itemListElement":[{"@type":"ListItem","position":1,"name":"Accueil","item":"https:\/\/www.adventure-centre.com\/rental-bike-location-moto\/"},{"@type":"ListItem","position":2,"name":"Shop","item":"https:\/\/www.adventure-centre.com\/rental-bike-location-moto\/shop\/"},{"@type":"ListItem","position":3,"name":"Husqvarna 901 Norden"}]},{"@type":"WebSite","@id":"https:\/\/www.adventure-centre.com\/rental-bike-location-moto\/#website","url":"https:\/\/www.adventure-centre.com\/rental-bike-location-moto\/","name":"Touratech Maroc","description":"Louez une moto au Maroc","potentialAction":[{"@type":"SearchAction","target":{"@type":"EntryPoint","urlTemplate":"https:\/\/www.adventure-centre.com\/rental-bike-location-moto\/?s={search_term_string}"},"query-input":{"@type":"PropertyValueSpecification","valueRequired":true,"valueName":"search_term_string"}}],"inLanguage":"fr-FR"}]}},"_links":{"self":[{"href":"https:\/\/www.adventure-centre.com\/rental-bike-location-moto\/wp-json\/wp\/v2\/product\/2100","targetHints":{"allow":["GET"]}}],"collection":[{"href":"https:\/\/www.adventure-centre.com\/rental-bike-location-moto\/wp-json\/wp\/v2\/product"}],"about":[{"href":"https:\/\/www.adventure-centre.com\/rental-bike-location-moto\/wp-json\/wp\/v2\/types\/product"}],"wp:featuredmedia":[{"embeddable":true,"href":"https:\/\/www.adventure-centre.com\/rental-bike-location-moto\/wp-json\/wp\/v2\/media\/2132"}],"wp:attachment":[{"href":"https:\/\/www.adventure-centre.com\/rental-bike-location-moto\/wp-json\/wp\/v2\/media?parent=2100"}],"wp:term":[{"taxonomy":"product_cat","embeddable":true,"href":"https:\/\/www.adventure-centre.com\/rental-bike-location-moto\/wp-json\/wp\/v2\/product_cat?post=2100"},{"taxonomy":"product_tag","embeddable":true,"href":"https:\/\/www.adventure-centre.com\/rental-bike-location-moto\/wp-json\/wp\/v2\/product_tag?post=2100"}],"curies":[{"name":"wp","href":"https:\/\/api.w.org\/{rel}","templated":true}]}}