{"id":2934,"date":"2023-05-04T13:57:17","date_gmt":"2023-05-04T13:57:17","guid":{"rendered":"https:\/\/www.adventure-centre.com\/rental-bike-location-moto\/?page_id=2934"},"modified":"2023-05-04T13:58:41","modified_gmt":"2023-05-04T13:58:41","slug":"who-we-are","status":"publish","type":"page","link":"https:\/\/www.adventure-centre.com\/rental-bike-location-moto\/who-we-are\/","title":{"rendered":"Qui sommes-nous?"},"content":{"rendered":"<div class=\"wpb-content-wrapper\"><p>[vc_row][vc_column][turbo_brand title=&#8221;Notre mission&#8221; subtitle=&#8221;Des motos en condition exceptionnelle disponibles \u00e0 la location.&#8221;]La mission d&#8217;Adventure Centre est double:<\/p>\n<ul>\n<li>Proposer des accessoires premium pour motos d&#8217;aventure au Maroc.\u00a0 La marque mythique Touratech, choisie par les aventuriers qui font le tour du monde dans les conditions extr\u00eames, est la r\u00e9f\u00e9rence. Marc, qui est un des deux fondateurs en a fait l&#8217;exp\u00e9rience lors de son tour du monde en solo d\u00e9but\u00e9 \u00e0 Marrakech en 2016<\/li>\n<li>Proposer \u00e0 la location un parc de motos d&#8217;aventure neuves ou tr\u00e8s r\u00e9centes pour permettre au plus grand nombre de visiter le fantastique terrain de jeu qu&#8217;est le Maroc. Nos motos sont \u00e9quip\u00e9es des \u00e9quipements Touratech de derni\u00e8re g\u00e9n\u00e9ration<\/li>\n<\/ul>\n<p>[\/turbo_brand][\/vc_column][\/vc_row][vc_row][vc_column][turbo_about_contact title=&#8221;Contactez-nous&#8221; address=&#8221;Casablanca (Dar Bouazza) \/ Marrakech \/ Tanger&#8221; email=&#8221;adventure.centre.morocco@gmail.com&#8221; phone=&#8221;Whatsapp +212 666 02 4406&#8243;]Heures d&#8217;ouverture : du Mardi au Samedi de 9h30 \u00e0 18h30[\/turbo_about_contact][\/vc_column][\/vc_row][vc_row][vc_column][turbo_team_holder][turbo_team_member member_name=&#8221;Marc&#8221; designation=&#8221;co-Owner &#8211; Speaks English, Swedish, French&#8221; social_facebook=&#8221;http:\/\/www.facebook.com\/adventure.centre.morocco&#8221; member_image=&#8221;2922&#8243; social_twitter=&#8221;Whatsapp : +212 666 02 4406&#8243;][turbo_team_member member_name=&#8221;Younes&#8221; designation=&#8221;Co- owner. Speaks Arabic, English, Spanish, French&#8221; member_image=&#8221;2899&#8243;][turbo_team_member member_name=&#8221;Rafik&#8221; designation=&#8221;Store manager &#8211; Speaks Arabic, French, English&#8221; member_image=&#8221;2926&#8243;][turbo_team_member member_name=&#8221;Azedine&#8221; designation=&#8221;Technicien&#8221; member_image=&#8221;2895&#8243;][\/turbo_team_holder][\/vc_column][\/vc_row]<\/p>\n<\/div>","protected":false},"excerpt":{"rendered":"<p>[vc_row][vc_column][turbo_brand title=&#8221;Notre mission&#8221; subtitle=&#8221;Des motos en condition exceptionnelle disponibles \u00e0 la location.&#8221;]La mission d&#8217;Adventure Centre est double: Proposer des accessoires premium pour motos d&#8217;aventure au Maroc.\u00a0 La marque mythique Touratech, choisie par les aventuriers qui font le tour du monde dans les conditions extr\u00eames, est la r\u00e9f\u00e9rence. Marc, qui est un des deux fondateurs en [&hellip;]<\/p>\n","protected":false},"author":4,"featured_media":0,"parent":0,"menu_order":0,"comment_status":"closed","ping_status":"closed","template":"","meta":{"footnotes":""},"class_list":["post-2934","page","type-page","status-publish","hentry"],"yoast_head":"<!-- This site is optimized with the Yoast SEO plugin v24.1 - https:\/\/yoast.com\/wordpress\/plugins\/seo\/ -->\n<title>Qui sommes-nous? - Touratech Maroc<\/title>\n<meta name=\"robots\" content=\"index, follow, max-snippet:-1, max-image-preview:large, max-video-preview:-1\" \/>\n<link rel=\"canonical\" href=\"https:\/\/www.adventure-centre.com\/rental-bike-location-moto\/who-we-are\/\" \/>\n<meta property=\"og:locale\" content=\"fr_FR\" \/>\n<meta property=\"og:type\" content=\"article\" \/>\n<meta property=\"og:title\" content=\"Qui sommes-nous? - Touratech Maroc\" \/>\n<meta property=\"og:description\" content=\"[vc_row][vc_column][turbo_brand title=&#8221;Notre mission&#8221; subtitle=&#8221;Des motos en condition exceptionnelle disponibles \u00e0 la location.&#8221;]La mission d&#8217;Adventure Centre est double: Proposer des accessoires premium pour motos d&#8217;aventure au Maroc.\u00a0 La marque mythique Touratech, choisie par les aventuriers qui font le tour du monde dans les conditions extr\u00eames, est la r\u00e9f\u00e9rence. Marc, qui est un des deux fondateurs en [&hellip;]\" \/>\n<meta property=\"og:url\" content=\"https:\/\/www.adventure-centre.com\/rental-bike-location-moto\/who-we-are\/\" \/>\n<meta property=\"og:site_name\" content=\"Touratech Maroc\" \/>\n<meta property=\"article:modified_time\" content=\"2023-05-04T13:58:41+00:00\" \/>\n<meta name=\"twitter:card\" content=\"summary_large_image\" \/>\n<meta name=\"twitter:label1\" content=\"Dur\u00e9e de lecture estim\u00e9e\" \/>\n\t<meta name=\"twitter:data1\" content=\"1 minute\" \/>\n<script type=\"application\/ld+json\" class=\"yoast-schema-graph\">{\"@context\":\"https:\/\/schema.org\",\"@graph\":[{\"@type\":\"WebPage\",\"@id\":\"https:\/\/www.adventure-centre.com\/rental-bike-location-moto\/who-we-are\/\",\"url\":\"https:\/\/www.adventure-centre.com\/rental-bike-location-moto\/who-we-are\/\",\"name\":\"Qui sommes-nous? - Touratech Maroc\",\"isPartOf\":{\"@id\":\"https:\/\/www.adventure-centre.com\/rental-bike-location-moto\/#website\"},\"datePublished\":\"2023-05-04T13:57:17+00:00\",\"dateModified\":\"2023-05-04T13:58:41+00:00\",\"breadcrumb\":{\"@id\":\"https:\/\/www.adventure-centre.com\/rental-bike-location-moto\/who-we-are\/#breadcrumb\"},\"inLanguage\":\"fr-FR\",\"potentialAction\":[{\"@type\":\"ReadAction\",\"target\":[\"https:\/\/www.adventure-centre.com\/rental-bike-location-moto\/who-we-are\/\"]}]},{\"@type\":\"BreadcrumbList\",\"@id\":\"https:\/\/www.adventure-centre.com\/rental-bike-location-moto\/who-we-are\/#breadcrumb\",\"itemListElement\":[{\"@type\":\"ListItem\",\"position\":1,\"name\":\"Accueil\",\"item\":\"https:\/\/www.adventure-centre.com\/rental-bike-location-moto\/\"},{\"@type\":\"ListItem\",\"position\":2,\"name\":\"Qui sommes-nous?\"}]},{\"@type\":\"WebSite\",\"@id\":\"https:\/\/www.adventure-centre.com\/rental-bike-location-moto\/#website\",\"url\":\"https:\/\/www.adventure-centre.com\/rental-bike-location-moto\/\",\"name\":\"Touratech Maroc\",\"description\":\"Louez une moto au Maroc\",\"potentialAction\":[{\"@type\":\"SearchAction\",\"target\":{\"@type\":\"EntryPoint\",\"urlTemplate\":\"https:\/\/www.adventure-centre.com\/rental-bike-location-moto\/?s={search_term_string}\"},\"query-input\":{\"@type\":\"PropertyValueSpecification\",\"valueRequired\":true,\"valueName\":\"search_term_string\"}}],\"inLanguage\":\"fr-FR\"}]}<\/script>\n<!-- \/ Yoast SEO plugin. -->","yoast_head_json":{"title":"Qui sommes-nous? - Touratech Maroc","robots":{"index":"index","follow":"follow","max-snippet":"max-snippet:-1","max-image-preview":"max-image-preview:large","max-video-preview":"max-video-preview:-1"},"canonical":"https:\/\/www.adventure-centre.com\/rental-bike-location-moto\/who-we-are\/","og_locale":"fr_FR","og_type":"article","og_title":"Qui sommes-nous? - Touratech Maroc","og_description":"[vc_row][vc_column][turbo_brand title=&#8221;Notre mission&#8221; subtitle=&#8221;Des motos en condition exceptionnelle disponibles \u00e0 la location.&#8221;]La mission d&#8217;Adventure Centre est double: Proposer des accessoires premium pour motos d&#8217;aventure au Maroc.\u00a0 La marque mythique Touratech, choisie par les aventuriers qui font le tour du monde dans les conditions extr\u00eames, est la r\u00e9f\u00e9rence. Marc, qui est un des deux fondateurs en [&hellip;]","og_url":"https:\/\/www.adventure-centre.com\/rental-bike-location-moto\/who-we-are\/","og_site_name":"Touratech Maroc","article_modified_time":"2023-05-04T13:58:41+00:00","twitter_card":"summary_large_image","twitter_misc":{"Dur\u00e9e de lecture estim\u00e9e":"1 minute"},"schema":{"@context":"https:\/\/schema.org","@graph":[{"@type":"WebPage","@id":"https:\/\/www.adventure-centre.com\/rental-bike-location-moto\/who-we-are\/","url":"https:\/\/www.adventure-centre.com\/rental-bike-location-moto\/who-we-are\/","name":"Qui sommes-nous? - Touratech Maroc","isPartOf":{"@id":"https:\/\/www.adventure-centre.com\/rental-bike-location-moto\/#website"},"datePublished":"2023-05-04T13:57:17+00:00","dateModified":"2023-05-04T13:58:41+00:00","breadcrumb":{"@id":"https:\/\/www.adventure-centre.com\/rental-bike-location-moto\/who-we-are\/#breadcrumb"},"inLanguage":"fr-FR","potentialAction":[{"@type":"ReadAction","target":["https:\/\/www.adventure-centre.com\/rental-bike-location-moto\/who-we-are\/"]}]},{"@type":"BreadcrumbList","@id":"https:\/\/www.adventure-centre.com\/rental-bike-location-moto\/who-we-are\/#breadcrumb","itemListElement":[{"@type":"ListItem","position":1,"name":"Accueil","item":"https:\/\/www.adventure-centre.com\/rental-bike-location-moto\/"},{"@type":"ListItem","position":2,"name":"Qui sommes-nous?"}]},{"@type":"WebSite","@id":"https:\/\/www.adventure-centre.com\/rental-bike-location-moto\/#website","url":"https:\/\/www.adventure-centre.com\/rental-bike-location-moto\/","name":"Touratech Maroc","description":"Louez une moto au Maroc","potentialAction":[{"@type":"SearchAction","target":{"@type":"EntryPoint","urlTemplate":"https:\/\/www.adventure-centre.com\/rental-bike-location-moto\/?s={search_term_string}"},"query-input":{"@type":"PropertyValueSpecification","valueRequired":true,"valueName":"search_term_string"}}],"inLanguage":"fr-FR"}]}},"_links":{"self":[{"href":"https:\/\/www.adventure-centre.com\/rental-bike-location-moto\/wp-json\/wp\/v2\/pages\/2934","targetHints":{"allow":["GET"]}}],"collection":[{"href":"https:\/\/www.adventure-centre.com\/rental-bike-location-moto\/wp-json\/wp\/v2\/pages"}],"about":[{"href":"https:\/\/www.adventure-centre.com\/rental-bike-location-moto\/wp-json\/wp\/v2\/types\/page"}],"author":[{"embeddable":true,"href":"https:\/\/www.adventure-centre.com\/rental-bike-location-moto\/wp-json\/wp\/v2\/users\/4"}],"replies":[{"embeddable":true,"href":"https:\/\/www.adventure-centre.com\/rental-bike-location-moto\/wp-json\/wp\/v2\/comments?post=2934"}],"version-history":[{"count":2,"href":"https:\/\/www.adventure-centre.com\/rental-bike-location-moto\/wp-json\/wp\/v2\/pages\/2934\/revisions"}],"predecessor-version":[{"id":2937,"href":"https:\/\/www.adventure-centre.com\/rental-bike-location-moto\/wp-json\/wp\/v2\/pages\/2934\/revisions\/2937"}],"wp:attachment":[{"href":"https:\/\/www.adventure-centre.com\/rental-bike-location-moto\/wp-json\/wp\/v2\/media?parent=2934"}],"curies":[{"name":"wp","href":"https:\/\/api.w.org\/{rel}","templated":true}]}}