{"id":2458,"date":"2022-12-01T11:54:15","date_gmt":"2022-12-01T11:54:15","guid":{"rendered":"https:\/\/www.adventure-centre.com\/rental-bike-location-moto\/?page_id=2458"},"modified":"2023-03-29T12:57:29","modified_gmt":"2023-03-29T12:57:29","slug":"conditions-de-location","status":"publish","type":"page","link":"https:\/\/www.adventure-centre.com\/rental-bike-location-moto\/conditions-de-location\/","title":{"rendered":"Conditions de location"},"content":{"rendered":"<div class=\"wpb-content-wrapper\"><p>[vc_row][vc_column][vc_column_text]<strong>Conditions G\u00e9n\u00e9rales de location<\/strong><\/p>\n<p><strong>Adventure Centre SARL<\/strong><\/p>\n<p>Veuillez lire attentivement les pr\u00e9sentes Conditions d\u2019utilisation (les \u00ab Conditions \u00bb).<\/p>\n<p>En acceptant de louer une moto chez Adventure Centre, vous acceptez d\u2019\u00eatre li\u00e9 par ces Conditions. Ces conditions constituent un contrat contraignant entre vous et nous , d\u00e8s que vous louez une moto chez nous. \u00a0Nous nous r\u00e9servons le droit, \u00e0 notre seule discr\u00e9tion, de modifier, alt\u00e9rer ou mettre \u00e0 jour ces Conditions \u00e0 tout moment.\u00a0 Ces modifications entreront en vigueur imm\u00e9diatement apr\u00e8s la publication des Conditions sur notre site Web.\u00a0 Sauf indication contraire du contexte, tels qu\u2019utilis\u00e9s dans les pr\u00e9sentes Conditions, \u00ab <strong>nous<\/strong> \u00bb, \u00ab <strong>notre<\/strong> \u00bb et \u00ab <strong>nos<\/strong> \u00bb font r\u00e9f\u00e9rence \u00e0 Adventure Centre Les termes \u00ab <strong>Utilisateur<\/strong> \u00bb, \u00a0\u00ab <strong>Vous<\/strong> \u00bb ou <strong>\u00ab Votre \u00bb\u00a0 <\/strong>d\u00e9signent la ou les personnes avec lesquelles le Contrat de location est conclu. Le terme <strong>\u00ab <\/strong>moto \u00bb d\u00e9signe la moto lou\u00e9e.<\/p>\n<p><strong>1. CONDITIONS DE LOCATION<\/strong><\/p>\n<p>1.1 Chaque moto est livr\u00e9e dans son propre \u00e9tat en fonction de l\u2019\u00e2ge, de la taille et du type. Vous acceptez toute responsabilit\u00e9 en ce qui concerne votre choix de moto.<\/p>\n<p>1.2 La dur\u00e9e et la p\u00e9riode de location de la moto sont d\u00e9taill\u00e9es dans le contrat de location. L\u2019annulation de toute r\u00e9servation peut entra\u00eener la perte de toute somme d\u00e9tenue pour la r\u00e9servation.<\/p>\n<p>1.3 La moto reste la propri\u00e9t\u00e9 de Adventure Centre SARL \u00e0 tout moment. Aucun titre de propri\u00e9t\u00e9 de la moto ne vous est transmis \u00e0 aucun moment.<\/p>\n<p>1.4 Lorsque vous devez restituer, la moto est indiqu\u00e9e sur le contrat de location sous Moment du retour. Des frais de retard s\u2019appliqueront pour tous les retours tardifs.<\/p>\n<p>1.4.1 Dans le cas o\u00f9 vous retournez la moto jusqu\u2019\u00e0 trois heures plus tard que l\u2019heure de retour stipul\u00e9e, vous serez factur\u00e9 pour une demi-journ\u00e9e de location suppl\u00e9mentaire.<\/p>\n<p>1.4.2 Si vous avez trois heures ou plus de retard, nous vous facturerons un jour suppl\u00e9mentaire (ou des jours le cas \u00e9ch\u00e9ant) au tarif journalier indiqu\u00e9 dans votre contrat de location.<\/p>\n<p>1.5 Vous devez \u00eatre titulaire d\u2019un permis de moto valide pour la conduite au Maroc. \u00a0Le permis doit porter clairement la mention motocyclette. Un passeport est \u00e9galement requise pour les conducteurs \u00e9trangers. Il est conseill\u00e9 aux clients de souscrire dans leur pays, \u00e0 ses frais, une assurance m\u00e9dicale compl\u00e8te (assistance, couverture m\u00e9dicale, prise en charge, rapatriement)<\/p>\n<p>1.6 Nous nous r\u00e9servons le droit de refuser de louer une moto \u00e0 toute personne si nous estimons que le pilote n\u2019a pas la licence appropri\u00e9e ou n\u2019a pas les comp\u00e9tences n\u00e9cessaires pour conduire la moto.<\/p>\n<p>1.7 Il est interdit de conduire sur les plages, les zones gazonn\u00e9es ou \u00e0 travers les rivi\u00e8res, les eaux de crue ou tout autre plan d\u2019eau.<\/p>\n<p><strong>2.DOMMAGES\/ACCIDENT<\/strong><\/p>\n<p>2.1 Vous \u00eates responsable de tous les co\u00fbts d\u00e9coulant de dommages ou de la perte de la moto ou de tout \u00e9quipement, ainsi que du co\u00fbt de tout dommage caus\u00e9 par vous \u00e0 un tiers. Vous \u00eates \u00e9galement responsable de tous les co\u00fbts de rapatriement (c\u2019est-\u00e0-dire le remorquage, la r\u00e9cup\u00e9ration) et tous les frais de r\u00e9cup\u00e9ration encourus s\u2019ajouteront \u00e0 tout exc\u00e9dent de dommages que nous facturons.<\/p>\n<p>2.2 Si nous estimons que les dommages sont caus\u00e9s par une mauvaise utilisation ou une utilisation abusive de la moto, ou si vous enfreignez les pr\u00e9sentes conditions ou le contrat de location, vous serez responsable des frais de location pour le reste de la p\u00e9riode de location non expir\u00e9e, ainsi que de tous les co\u00fbts de r\u00e9paration, de pi\u00e8ces de rechange et de r\u00e9cup\u00e9ration de la moto;<\/p>\n<p>2.3 Si vous \u00eates impliqu\u00e9 dans un accident, vous devez obtenir les d\u00e9tails de toutes les parties impliqu\u00e9es, y compris le nom, l\u2019adresse, les num\u00e9ros de permis de conduire et les d\u00e9tails de l\u2019assurance (s\u2019ils sont disponibles). Vous acceptez de fournir toute l\u2019assistance raisonnablement requise, y compris la fourniture de d\u00e9clarations ou de documents, et vous vous pr\u00e9senterez au tribunal pour t\u00e9moigner et au besoin rencontrer nos conseils juridiques dans le cadre de toute action en justice d\u00e9coulant de votre location de la moto.<\/p>\n<p>2.4 Quelles que soient les circonstances de l\u2019accident, vous n\u2019admettrez aucune responsabilit\u00e9 envers les autres parties de l\u2019accident pour quelque raison que ce soit.<\/p>\n<p>2.5 Vous devez informer la police si le code de la route l\u2019exige.<\/p>\n<p>2.6 Vous ne devez pas laisser la moto sans surveillance avant l\u2019arriv\u00e9e d\u2019une d\u00e9panneuse ou d\u2019un op\u00e9rateur de sauvetage, sauf si votre sant\u00e9 ou votre s\u00e9curit\u00e9 serait autrement mise en danger.<\/p>\n<p>2.7 Vous devez remplir et retourner une copie du constat d\u2019accident que nous vous fournirons.<\/p>\n<p><strong>3.PERTES ET DOMMAGES<\/strong><\/p>\n<p>Vous \u00eates responsable de :<\/p>\n<ul>\n<li>perte et tout dommage \u00e0 la moto et;<\/li>\n<li>tous les dommages caus\u00e9s aux biens de toute personne,<\/li>\n<\/ul>\n<p>qui est caus\u00e9e par vous ou toute personne que vous autorisez \u00e0 conduire la moto, ou est caus\u00e9e par l\u2019utilisation de la moto par vous ou toute personne que vous autorisez \u00e0 conduire la moto.<\/p>\n<p><strong>Montants suppl\u00e9mentaires payables<\/strong><\/p>\n<p>En plus de la clause 3, vous devez toujours nous payer les co\u00fbts et frais suivants, y compris le co\u00fbt de r\u00e9paration ou de r\u00e9cup\u00e9ration de ceux-ci :<\/p>\n<ul>\n<li>d\u00e9g\u00e2ts d\u00fbs \u00e0 l\u2019absorption d\u2019eau dans le moteur;<\/li>\n<li>les dommages \u00e0 la moto ou \u00e0 la propri\u00e9t\u00e9 d\u2019un tiers caus\u00e9s par une violation du pr\u00e9sent contrat de location;<\/li>\n<li>les dommages \u00e0 un pneu ou \u00e0 un accessoire qui ne sont pas attribuables \u00e0 l\u2019usure normale;<\/li>\n<li>les dommages \u00e0 la moto ou \u00e0 la propri\u00e9t\u00e9 d\u2019un tiers caus\u00e9s d\u00e9lib\u00e9r\u00e9ment ou imprudemment par vous, tout autre conducteur de la moto ou tout v\u00e9hicule transport\u00e9 pendant la p\u00e9riode de location;<\/li>\n<li>les frais de recouvrement lorsque les dommages \u00e0 la moto sont caus\u00e9s d\u00e9lib\u00e9r\u00e9ment ou imprudemment par Vous, tout autre conducteur de la moto ou tout autre v\u00e9hicule transport\u00e9 pendant la P\u00e9riode de location ;<\/li>\n<li>le co\u00fbt de remplacement, en cas de perte ou de vol, d\u2019un accessoire; et<\/li>\n<li>si vous avez viol\u00e9 le contrat de location, une commission de perte de revenus par jour bas\u00e9e sur le temps d\u2019arr\u00eat estim\u00e9<\/li>\n<li>Jusqu\u2019\u00e0 ce qu\u2019une r\u00e9clamation soit r\u00e9gl\u00e9e par paiement, la franchise sera payable par vous dans tous les cas.<\/li>\n<\/ul>\n<p><strong>4.SERVICE<\/strong><\/p>\n<p>L\u2019entretien programm\u00e9 est inclus dans le co\u00fbt de la location;<\/p>\n<ul>\n<li>Lorsque vous d\u00e9passez 5000 km pour la p\u00e9riode de location, vous nous en informerez afin que nous puissions organiser l\u2019ex\u00e9cution du service dans un d\u00e9lai raisonnable dans un point de service autoris\u00e9 \u00e0 nos frais.<\/li>\n<li>Il est de votre responsabilit\u00e9 d\u2019amener la moto \u00e0 l\u2019emplacement de service pr\u00e9\u00e9tabli ; et il n\u2019y aura pas de r\u00e9duction des frais de location pendant l\u2019entretien de la moto<\/li>\n<li>L\u2019entretien programm\u00e9 est inclus dans le co\u00fbt de la location ;<\/li>\n<\/ul>\n<p><strong>5. ANNULATIONS<\/strong><\/p>\n<p>Toutes les r\u00e9servations sont d\u00e9finitives et non remboursables.<\/p>\n<p>Si vous n&#8217;\u00eates pas, au moment du d\u00e9but de la location, en possession d&#8217;un permis de conduire pour moto valide, \u00a0aucun remboursement ne sera effectu\u00e9. Si vous ne venez pas prendre votre location \u00e0 la date pr\u00e9vue (no show), vous ne recevrez pas de remboursement.<\/p>\n<p>Une r\u00e9servation peut \u00eatre annul\u00e9e :<\/p>\n<ul>\n<li>au del\u00e0 de 90 jours avant la date de prise en main, il n&#8217;y aura pas de remboursement mais le montant contract\u00e9 sera \u00e9mis sous forme d&#8217;Avoir qui peut \u00eatre utilis\u00e9 dans un d\u00e9lai d&#8217;un an \u00e0 compter de la date d&#8217;\u00e9mission.<\/li>\n<li>Si la r\u00e9servation est annul\u00e9e entre 30 et 90 jours avant la date de prise en main de la moto, 20 % du total sera retenu en tant que frais d&#8217;annulation, et le montant des 80% restants sera \u00e9mis sous forme d&#8217;Avoir qui peut \u00eatre utilis\u00e9 dans un d\u00e9lai d&#8217;un an \u00e0 compter de la date d&#8217;\u00e9mission.<\/li>\n<li>si la r\u00e9servation est annul\u00e9e dans les 30 jours avant la prise en main de la moto ou si le client ne se pr\u00e9sente pas, 100% du montant d\u00fb sera appliqu\u00e9.<\/li>\n<\/ul>\n<p>Remarque : des frais administratifs de 250 Dirhams seront appliqu\u00e9s \u00e0 toute r\u00e9servation modifi\u00e9e entre 30 et 1 jours avant la prise en main de la moto.<\/p>\n<p><strong>6.RETOURS TARDIFS<\/strong><\/p>\n<ul>\n<li>Si vous ne retournez pas la moto avant la fin de la p\u00e9riode de location sans nous en informer, nous pouvons, sans affecter aucun autre droit, en informer la police ou toute autre autorit\u00e9 et prendre les mesures ou proc\u00e9dures n\u00e9cessaires pour r\u00e9cup\u00e9rer la possession de la moto.<\/li>\n<li>Vous acceptez de nous indemniser pour tous les frais encourus par nous dans le cadre de la r\u00e9cup\u00e9ration de la moto. Nous pouvons entrer dans tous les locaux o\u00f9 nous pensons que la moto peut \u00eatre Dans de tels cas, le locataire nous d\u00e9gage de toute responsabilit\u00e9 ou dommage encouru lors de la reprise ou de la tentative de reprise de possession de la moto.<\/li>\n<\/ul>\n<p>&nbsp;<\/p>\n<p><strong>7.FRAIS DE LOCATION EN LIGNE ET PAIEMENT<\/strong><\/p>\n<ul>\n<li>Si vous d\u00e9cidez de louer une moto, vous devrez vous inscrire en ligne, fournir une carte de cr\u00e9dit valide et payer \u00e0 Adventure Centre SARL, des frais de d\u00e9p\u00f4t de r\u00e9servation de location.\u00a0 Le solde des frais de r\u00e9servation est payable directement le jour de la r\u00e9servation.<\/li>\n<li>Vous acceptez par la pr\u00e9sente de payer tous les frais applicables en relation avec les services que vous s\u00e9lectionnez.\u00a0 Par la pr\u00e9sente, vous autorisez \u00e9galement Adventure Centre SARL \u00e0 d\u00e9biter automatiquement votre compte de carte de cr\u00e9dit de tous les frais encourus par vous ou toute personne utilisant votre identifiant et votre mot de passe pour louer des motos ou d\u2019autres \u00e9quipements, sans qu\u2019il soit n\u00e9cessaire de vous fournir un autre avis des frais ainsi encourus.<\/li>\n<li>Nous nous r\u00e9servons le droit de modifier notre liste de prix et nos frais et d\u2019instituer de nouveaux frais \u00e0 tout moment.\u00a0 Votre utilisation du site Web \u00e0 la suite de tels changements constitue votre acceptation de tous les frais nouveaux ou augment\u00e9s.<\/li>\n<li>Vous reconnaissez que tous les paiements pour les services offerts par Adventure Centre SARL sont g\u00e9r\u00e9s par une plate-forme de paiement en ligne g\u00e9r\u00e9e par un fournisseur de paiement tiers.\u00a0 Lorsque vous souhaitez r\u00e9server une moto ou un autre \u00e9quipement, vous devez entrer les informations de votre carte de cr\u00e9dit sur le site Web.\u00a0 Adventure Centre SARL le transmet ensuite au processeur pour paiement.\u00a0 Vous acceptez que Adventure Centre SARL ne soit pas responsable en cas d\u2019erreur, de fraude, d\u2019usurpation d\u2019identit\u00e9 ou d\u2019autres probl\u00e8mes de traitement des cartes de cr\u00e9dit ou des paiements en ligne.<\/li>\n<\/ul>\n<p>&nbsp;<\/p>\n<p><strong>8.EXCLUSION DE GARANTIES<\/strong><br \/>\nNous nous r\u00e9servons le droit de confisquer la moto \u00e0 tout moment sans pr\u00e9avis en cas de violation du contrat de location, ou que la moto est endommag\u00e9e de quelque mani\u00e8re que ce soit, ou que le fait de continuer \u00e0 utiliser la moto nuirait \u00e0 la moto ou \u00e0 son<\/p>\n<p>Par la pr\u00e9sente, vous lib\u00e9rez Adventure Centre SARL de ses employ\u00e9s, agents et autres parties li\u00e9es de toute r\u00e9clamation, demande et dommage de toute nature et nature,\u00a0 connus et inconnus, soup\u00e7onn\u00e9s et insoup\u00e7onn\u00e9s, divulgu\u00e9s et non divulgu\u00e9s, d\u00e9coulant de ou li\u00e9s de quelque mani\u00e8re que ce soit \u00e0 tout litige entre vous et Adventure Centre SARL concernant toute location de v\u00e9los ou d\u2019autres \u00e9quipements.<\/p>\n<p><strong>9.LIMITATION DE RESPONSABILIT\u00c9<br \/>\n<\/strong>VOUS ACCEPTEZ EXPRESS\u00c9MENT \u00a0QUE NI ADVENTURE CENTRE, \u00a0NI SES ADMINISTRATEURS, NI AUCUN DE LEURS EMPLOY\u00c9S RESPECTIFS NE SONT RESPONSABLES ENVERS TOUTE PERSONNE OU ENTIT\u00c9 QUELLE QU\u2019ELLE SOIT DE TOUTE PERTE, DOMMAGE (R\u00c9EL, CONS\u00c9CUTIF, PUNITIF OU AUTRE), BLESSURE, R\u00c9CLAMATION, RESPONSABILIT\u00c9 OU AUTRE CAUSE DE QUELQUE NATURE QUE CE SOIT, BAS\u00c9E SUR OU R\u00c9SULTANT DE LA LOCATION DE TOUTE MOTO OU EQUIPEMENT AUTRE, AUPR\u00c8S D\u2019ADVENTURE CENTRE.\u00a0 \u00c0 TITRE D\u2019EXEMPLE, ET SANS LIMITER LA G\u00c9N\u00c9RALIT\u00c9 DE CE QUI PR\u00c9C\u00c8DE, ADVENTURE CENTRE ET \u00a0LES PERSONNES ET ENTIT\u00c9S LI\u00c9ES NE SERONT PAS RESPONSABLES DE TOUTE R\u00c9CLAMATION OU DOMMAGE R\u00c9SULTANT D\u2019UN D\u00c9FAUT D\u2019EX\u00c9CUTION OU D\u2019UNE NON-PERFORMANCE DANS LE FONCTIONNEMENT DE LA MOTO ET DES OPTIONS CHOISIES.<\/p>\n<p>EN AUCUN CAS, LA RESPONSABILIT\u00c9 D\u2019ADVENTURE CENTRE RELATIVE \u00c0 OU D\u00c9COULANT DE LA LOCATION DE TOUTE MOTO OU AUTRE \u00c9QUIPEMENT NE D\u00c9PASSERA LES FRAIS DE D\u00c9P\u00d4T DE R\u00c9SERVATION DE LOCATION APPLICABLES EFFECTIVEMENT PAY\u00c9S \u00c0 ADVENTURE CENTRE CETTE SECTION DE LIMITATION DE RESPONSABILIT\u00c9 S\u2019APPLIQUE, QUE LA RESPONSABILIT\u00c9 ALL\u00c9GU\u00c9E SOIT FOND\u00c9E SUR UN CONTRAT, UN D\u00c9LIT, UNE N\u00c9GLIGENCE, UNE RESPONSABILIT\u00c9 STRICTE OU TOUT AUTRE FONDEMENT,\u00a0 M\u00caME SI ADVENTURE CENTRE A \u00c9T\u00c9 INFORM\u00c9 DE LA POSSIBILIT\u00c9 DE TELS DOMMAGES. LA LIMITATION DE RESPONSABILIT\u00c9 QUI PR\u00c9C\u00c8DE S\u2019APPLIQUE DANS TOUTE LA MESURE PERMISE PAR LA LOI DANS LA JURIDICTION APPLICABLE.<\/p>\n<p><strong>10.RESTITUTIONS<\/strong><\/p>\n<p>Les demandes de remboursement doivent \u00eatre faites par \u00e9crit au plus tard 30 jours apr\u00e8s la date de d\u00e9but de la r\u00e9servation de location. \u00a0Tous les remboursements sont \u00e9galement soumis \u00a0\u00e0 la politique d\u2019annulation d\u2019Adventure Centre. Bien que nous comprenions que parfois des annulations sont in\u00e9vitables, nous nous r\u00e9servons le droit de conserver 30% du total de votre location \u00e0 notre discr\u00e9tion.<\/p>\n<p><strong>11.INDEMNISATION<\/strong><\/p>\n<p>Vous acceptez d\u2019indemniser, de d\u00e9fendre et de d\u00e9gager de toute responsabilit\u00e9 Adventure Centre et les fournisseurs, leurs dirigeants, administrateurs, employ\u00e9s, soci\u00e9t\u00e9s affili\u00e9es, agents, conc\u00e9dants de licence et fournisseurs contre toutes pertes, d\u00e9penses, dommages et co\u00fbts, y compris les honoraires d\u2019avocat raisonnables, r\u00e9sultant de toute violation par vous des pr\u00e9sentes Conditions.<\/p>\n<p><strong>12.LOI APPLICABLE<\/strong><\/p>\n<p>Les pr\u00e9sentes Conditions d\u2019utilisation du Contrat de location sont r\u00e9gies par les lois du Royaume du Maroc. L\u2019Utilisateur s\u2019engage \u00e0 r\u00e9soudre tout litige relevant exclusivement de la comp\u00e9tence des Tribunaux situ\u00e9s au Maroc aux fins de contentieux de tous ces litiges. Si une disposition des pr\u00e9sentes Conditions d\u2019utilisation est jug\u00e9e ill\u00e9gale, nulle ou inapplicable pour quelque raison que ce soit par un tribunal comp\u00e9tent, cette disposition sera dissociable des pr\u00e9sentes Conditions d\u2019utilisation et n\u2019affectera pas la validit\u00e9 des dispositions restantes. \u00a0Le fait que le Adventure Centre n\u2019insiste pas sur l\u2019ex\u00e9cution stricte de toute disposition des pr\u00e9sentes Conditions ou ne l\u2019applique pas ne sera pas interpr\u00e9t\u00e9 comme une renonciation \u00e0 une disposition ou \u00e0 un droit.<\/p>\n<p><strong>13.INT\u00c9GRALIT\u00c9 DE L\u2019ACCORD <\/strong><\/p>\n<p>Les dispositions et conditions des pr\u00e9sentes Conditions, ainsi que chaque obligation mentionn\u00e9e aux pr\u00e9sentes, repr\u00e9sentent l\u2019int\u00e9gralit\u00e9 de l\u2019Accord entre Adventure Centre, \u00a0ses entit\u00e9s affili\u00e9es ou li\u00e9es, et vous, et remplacent tout accord ou entente ant\u00e9rieur non incorpor\u00e9 aux pr\u00e9sentes. En cas d\u2019incoh\u00e9rence entre les pr\u00e9sentes Conditions et les conditions d\u2019utilisation ou d\u2019entente publi\u00e9es \u00e0 l\u2019avenir, les derni\u00e8res Conditions ou conditions d\u2019utilisation ou d\u2019entente publi\u00e9es pr\u00e9vaudront.[\/vc_column_text][\/vc_column][\/vc_row]<\/p>\n<\/div>","protected":false},"excerpt":{"rendered":"<p>[vc_row][vc_column][vc_column_text]Conditions G\u00e9n\u00e9rales de location Adventure Centre SARL Veuillez lire attentivement les pr\u00e9sentes Conditions d\u2019utilisation (les \u00ab Conditions \u00bb). En acceptant de louer une moto chez Adventure Centre, vous acceptez d\u2019\u00eatre li\u00e9 par ces Conditions. Ces conditions constituent un contrat contraignant entre vous et nous , d\u00e8s que vous louez une moto chez nous. \u00a0Nous nous [&hellip;]<\/p>\n","protected":false},"author":1,"featured_media":0,"parent":0,"menu_order":0,"comment_status":"closed","ping_status":"closed","template":"","meta":{"footnotes":""},"class_list":["post-2458","page","type-page","status-publish","hentry"],"yoast_head":"<!-- This site is optimized with the Yoast SEO plugin v24.1 - https:\/\/yoast.com\/wordpress\/plugins\/seo\/ -->\n<title>Conditions de location - Touratech Maroc<\/title>\n<meta name=\"robots\" content=\"index, follow, max-snippet:-1, max-image-preview:large, max-video-preview:-1\" \/>\n<link rel=\"canonical\" href=\"https:\/\/www.adventure-centre.com\/rental-bike-location-moto\/conditions-de-location\/\" \/>\n<meta property=\"og:locale\" content=\"fr_FR\" \/>\n<meta property=\"og:type\" content=\"article\" \/>\n<meta property=\"og:title\" content=\"Conditions de location - Touratech Maroc\" \/>\n<meta property=\"og:description\" content=\"[vc_row][vc_column][vc_column_text]Conditions G\u00e9n\u00e9rales de location Adventure Centre SARL Veuillez lire attentivement les pr\u00e9sentes Conditions d\u2019utilisation (les \u00ab Conditions \u00bb). En acceptant de louer une moto chez Adventure Centre, vous acceptez d\u2019\u00eatre li\u00e9 par ces Conditions. Ces conditions constituent un contrat contraignant entre vous et nous , d\u00e8s que vous louez une moto chez nous. \u00a0Nous nous [&hellip;]\" \/>\n<meta property=\"og:url\" content=\"https:\/\/www.adventure-centre.com\/rental-bike-location-moto\/conditions-de-location\/\" \/>\n<meta property=\"og:site_name\" content=\"Touratech Maroc\" \/>\n<meta property=\"article:modified_time\" content=\"2023-03-29T12:57:29+00:00\" \/>\n<meta name=\"twitter:card\" content=\"summary_large_image\" \/>\n<meta name=\"twitter:label1\" content=\"Dur\u00e9e de lecture estim\u00e9e\" \/>\n\t<meta name=\"twitter:data1\" content=\"12 minutes\" \/>\n<script type=\"application\/ld+json\" class=\"yoast-schema-graph\">{\"@context\":\"https:\/\/schema.org\",\"@graph\":[{\"@type\":\"WebPage\",\"@id\":\"https:\/\/www.adventure-centre.com\/rental-bike-location-moto\/conditions-de-location\/\",\"url\":\"https:\/\/www.adventure-centre.com\/rental-bike-location-moto\/conditions-de-location\/\",\"name\":\"Conditions de location - Touratech Maroc\",\"isPartOf\":{\"@id\":\"https:\/\/www.adventure-centre.com\/rental-bike-location-moto\/#website\"},\"datePublished\":\"2022-12-01T11:54:15+00:00\",\"dateModified\":\"2023-03-29T12:57:29+00:00\",\"breadcrumb\":{\"@id\":\"https:\/\/www.adventure-centre.com\/rental-bike-location-moto\/conditions-de-location\/#breadcrumb\"},\"inLanguage\":\"fr-FR\",\"potentialAction\":[{\"@type\":\"ReadAction\",\"target\":[\"https:\/\/www.adventure-centre.com\/rental-bike-location-moto\/conditions-de-location\/\"]}]},{\"@type\":\"BreadcrumbList\",\"@id\":\"https:\/\/www.adventure-centre.com\/rental-bike-location-moto\/conditions-de-location\/#breadcrumb\",\"itemListElement\":[{\"@type\":\"ListItem\",\"position\":1,\"name\":\"Accueil\",\"item\":\"https:\/\/www.adventure-centre.com\/rental-bike-location-moto\/\"},{\"@type\":\"ListItem\",\"position\":2,\"name\":\"Conditions de location\"}]},{\"@type\":\"WebSite\",\"@id\":\"https:\/\/www.adventure-centre.com\/rental-bike-location-moto\/#website\",\"url\":\"https:\/\/www.adventure-centre.com\/rental-bike-location-moto\/\",\"name\":\"Touratech Maroc\",\"description\":\"Louez une moto au Maroc\",\"potentialAction\":[{\"@type\":\"SearchAction\",\"target\":{\"@type\":\"EntryPoint\",\"urlTemplate\":\"https:\/\/www.adventure-centre.com\/rental-bike-location-moto\/?s={search_term_string}\"},\"query-input\":{\"@type\":\"PropertyValueSpecification\",\"valueRequired\":true,\"valueName\":\"search_term_string\"}}],\"inLanguage\":\"fr-FR\"}]}<\/script>\n<!-- \/ Yoast SEO plugin. -->","yoast_head_json":{"title":"Conditions de location - Touratech Maroc","robots":{"index":"index","follow":"follow","max-snippet":"max-snippet:-1","max-image-preview":"max-image-preview:large","max-video-preview":"max-video-preview:-1"},"canonical":"https:\/\/www.adventure-centre.com\/rental-bike-location-moto\/conditions-de-location\/","og_locale":"fr_FR","og_type":"article","og_title":"Conditions de location - Touratech Maroc","og_description":"[vc_row][vc_column][vc_column_text]Conditions G\u00e9n\u00e9rales de location Adventure Centre SARL Veuillez lire attentivement les pr\u00e9sentes Conditions d\u2019utilisation (les \u00ab Conditions \u00bb). En acceptant de louer une moto chez Adventure Centre, vous acceptez d\u2019\u00eatre li\u00e9 par ces Conditions. Ces conditions constituent un contrat contraignant entre vous et nous , d\u00e8s que vous louez une moto chez nous. \u00a0Nous nous [&hellip;]","og_url":"https:\/\/www.adventure-centre.com\/rental-bike-location-moto\/conditions-de-location\/","og_site_name":"Touratech Maroc","article_modified_time":"2023-03-29T12:57:29+00:00","twitter_card":"summary_large_image","twitter_misc":{"Dur\u00e9e de lecture estim\u00e9e":"12 minutes"},"schema":{"@context":"https:\/\/schema.org","@graph":[{"@type":"WebPage","@id":"https:\/\/www.adventure-centre.com\/rental-bike-location-moto\/conditions-de-location\/","url":"https:\/\/www.adventure-centre.com\/rental-bike-location-moto\/conditions-de-location\/","name":"Conditions de location - Touratech Maroc","isPartOf":{"@id":"https:\/\/www.adventure-centre.com\/rental-bike-location-moto\/#website"},"datePublished":"2022-12-01T11:54:15+00:00","dateModified":"2023-03-29T12:57:29+00:00","breadcrumb":{"@id":"https:\/\/www.adventure-centre.com\/rental-bike-location-moto\/conditions-de-location\/#breadcrumb"},"inLanguage":"fr-FR","potentialAction":[{"@type":"ReadAction","target":["https:\/\/www.adventure-centre.com\/rental-bike-location-moto\/conditions-de-location\/"]}]},{"@type":"BreadcrumbList","@id":"https:\/\/www.adventure-centre.com\/rental-bike-location-moto\/conditions-de-location\/#breadcrumb","itemListElement":[{"@type":"ListItem","position":1,"name":"Accueil","item":"https:\/\/www.adventure-centre.com\/rental-bike-location-moto\/"},{"@type":"ListItem","position":2,"name":"Conditions de location"}]},{"@type":"WebSite","@id":"https:\/\/www.adventure-centre.com\/rental-bike-location-moto\/#website","url":"https:\/\/www.adventure-centre.com\/rental-bike-location-moto\/","name":"Touratech Maroc","description":"Louez une moto au Maroc","potentialAction":[{"@type":"SearchAction","target":{"@type":"EntryPoint","urlTemplate":"https:\/\/www.adventure-centre.com\/rental-bike-location-moto\/?s={search_term_string}"},"query-input":{"@type":"PropertyValueSpecification","valueRequired":true,"valueName":"search_term_string"}}],"inLanguage":"fr-FR"}]}},"_links":{"self":[{"href":"https:\/\/www.adventure-centre.com\/rental-bike-location-moto\/wp-json\/wp\/v2\/pages\/2458","targetHints":{"allow":["GET"]}}],"collection":[{"href":"https:\/\/www.adventure-centre.com\/rental-bike-location-moto\/wp-json\/wp\/v2\/pages"}],"about":[{"href":"https:\/\/www.adventure-centre.com\/rental-bike-location-moto\/wp-json\/wp\/v2\/types\/page"}],"author":[{"embeddable":true,"href":"https:\/\/www.adventure-centre.com\/rental-bike-location-moto\/wp-json\/wp\/v2\/users\/1"}],"replies":[{"embeddable":true,"href":"https:\/\/www.adventure-centre.com\/rental-bike-location-moto\/wp-json\/wp\/v2\/comments?post=2458"}],"version-history":[{"count":8,"href":"https:\/\/www.adventure-centre.com\/rental-bike-location-moto\/wp-json\/wp\/v2\/pages\/2458\/revisions"}],"predecessor-version":[{"id":2652,"href":"https:\/\/www.adventure-centre.com\/rental-bike-location-moto\/wp-json\/wp\/v2\/pages\/2458\/revisions\/2652"}],"wp:attachment":[{"href":"https:\/\/www.adventure-centre.com\/rental-bike-location-moto\/wp-json\/wp\/v2\/media?parent=2458"}],"curies":[{"name":"wp","href":"https:\/\/api.w.org\/{rel}","templated":true}]}}