{"id":2174,"date":"2022-10-12T14:59:42","date_gmt":"2022-10-12T14:59:42","guid":{"rendered":"https:\/\/adventurelocation.server-prod.com\/tarifs\/"},"modified":"2023-06-19T09:15:54","modified_gmt":"2023-06-19T09:15:54","slug":"tarifs","status":"publish","type":"page","link":"https:\/\/www.adventure-centre.com\/rental-bike-location-moto\/en\/tarifs\/","title":{"rendered":"Price list"},"content":{"rendered":"<div class=\"wpb-content-wrapper\"><p>[vc_row][vc_column width=&#8221;1\/2&#8243;][vc_column_text]<\/p>\n<h2>BMW GS750 (Prices in MAD)<\/h2>\n<p>[\/vc_column_text][vc_column_text]<\/p>\n<table width=\"254\">\n<tbody>\n<tr>\n<td width=\"111\">Nr of days<\/td>\n<td width=\"84\">Price\/day<\/td>\n<td width=\"59\">Discount<\/td>\n<\/tr>\n<tr>\n<td>1<\/td>\n<td>1500<\/td>\n<td><\/td>\n<\/tr>\n<tr>\n<td>2<\/td>\n<td>1500<\/td>\n<td><\/td>\n<\/tr>\n<tr>\n<td>3<\/td>\n<td>1500<\/td>\n<td><\/td>\n<\/tr>\n<tr>\n<td>4<\/td>\n<td>1350<\/td>\n<td>10,0%<\/td>\n<\/tr>\n<tr>\n<td>5<\/td>\n<td>1350<\/td>\n<td>10,0%<\/td>\n<\/tr>\n<tr>\n<td>6<\/td>\n<td>1350<\/td>\n<td>10,0%<\/td>\n<\/tr>\n<tr>\n<td>7<\/td>\n<td>1200<\/td>\n<td>20,0%<\/td>\n<\/tr>\n<tr>\n<td>8<\/td>\n<td>1200<\/td>\n<td>20,0%<\/td>\n<\/tr>\n<tr>\n<td>9<\/td>\n<td>1200<\/td>\n<td>20,0%<\/td>\n<\/tr>\n<tr>\n<td>10<\/td>\n<td>1200<\/td>\n<td>20,0%<\/td>\n<\/tr>\n<tr>\n<td>11<\/td>\n<td>1200<\/td>\n<td>20,0%<\/td>\n<\/tr>\n<tr>\n<td>&gt;11<\/td>\n<td>1200<\/td>\n<td>20,0%<\/td>\n<\/tr>\n<\/tbody>\n<\/table>\n<p>[\/vc_column_text][\/vc_column][vc_column width=&#8221;1\/2&#8243;][vc_column_text]<\/p>\n<h2>Husqvarna Norden 901<\/h2>\n<p>[\/vc_column_text][vc_column_text]<\/p>\n<table width=\"254\">\n<tbody>\n<tr>\n<td width=\"111\">Nr of days<\/td>\n<td width=\"84\">Price\/day<\/td>\n<td width=\"59\">Discount<\/td>\n<\/tr>\n<tr>\n<td>1<\/td>\n<td>1800<\/td>\n<td><\/td>\n<\/tr>\n<tr>\n<td>2<\/td>\n<td>1800<\/td>\n<td><\/td>\n<\/tr>\n<tr>\n<td>3<\/td>\n<td>1800<\/td>\n<td><\/td>\n<\/tr>\n<tr>\n<td>4<\/td>\n<td>1620<\/td>\n<td>10,0%<\/td>\n<\/tr>\n<tr>\n<td>5<\/td>\n<td>1620<\/td>\n<td>10,0%<\/td>\n<\/tr>\n<tr>\n<td>6<\/td>\n<td>1620<\/td>\n<td>10,0%<\/td>\n<\/tr>\n<tr>\n<td>7<\/td>\n<td>1350<\/td>\n<td>25,0%<\/td>\n<\/tr>\n<tr>\n<td>8<\/td>\n<td>1350<\/td>\n<td>25,0%<\/td>\n<\/tr>\n<tr>\n<td>9<\/td>\n<td>1350<\/td>\n<td>25,0%<\/td>\n<\/tr>\n<tr>\n<td>10<\/td>\n<td>1350<\/td>\n<td>25,0%<\/td>\n<\/tr>\n<tr>\n<td>11<\/td>\n<td>1350<\/td>\n<td>25,0%<\/td>\n<\/tr>\n<tr>\n<td>&gt;11<\/td>\n<td>1260<\/td>\n<td>30,0%<\/td>\n<\/tr>\n<\/tbody>\n<\/table>\n<p>[\/vc_column_text][\/vc_column][\/vc_row][vc_row][vc_column width=&#8221;1\/2&#8243;][vc_column_text]<\/p>\n<h2>BMW GS1250<\/h2>\n<p>[\/vc_column_text][vc_column_text]<\/p>\n<table width=\"254\">\n<tbody>\n<tr>\n<td width=\"111\">Nr of days<\/td>\n<td width=\"84\">Price\/day<\/td>\n<td width=\"59\">Discount<\/td>\n<\/tr>\n<tr>\n<td>1<\/td>\n<td>2400<\/td>\n<td><\/td>\n<\/tr>\n<tr>\n<td>2<\/td>\n<td>2400<\/td>\n<td><\/td>\n<\/tr>\n<tr>\n<td>3<\/td>\n<td>2400<\/td>\n<td><\/td>\n<\/tr>\n<tr>\n<td>4<\/td>\n<td>2160<\/td>\n<td>10,0%<\/td>\n<\/tr>\n<tr>\n<td>5<\/td>\n<td>2160<\/td>\n<td>10,0%<\/td>\n<\/tr>\n<tr>\n<td>6<\/td>\n<td>2040<\/td>\n<td>15,0%<\/td>\n<\/tr>\n<tr>\n<td>7<\/td>\n<td>2040<\/td>\n<td>15,0%<\/td>\n<\/tr>\n<tr>\n<td>8<\/td>\n<td>1920<\/td>\n<td>20,0%<\/td>\n<\/tr>\n<tr>\n<td>9<\/td>\n<td>1920<\/td>\n<td>20,0%<\/td>\n<\/tr>\n<tr>\n<td>10<\/td>\n<td>1800<\/td>\n<td>25,0%<\/td>\n<\/tr>\n<tr>\n<td>11<\/td>\n<td>1800<\/td>\n<td>25,0%<\/td>\n<\/tr>\n<tr>\n<td>&gt;11<\/td>\n<td>1680<\/td>\n<td>30,0%<\/td>\n<\/tr>\n<\/tbody>\n<\/table>\n<p>[\/vc_column_text][\/vc_column][\/vc_row]<\/p>\n<\/div>","protected":false},"excerpt":{"rendered":"<p>[vc_row][vc_column width=&#8221;1\/2&#8243;][vc_column_text] BMW GS750 (Prices in MAD) [\/vc_column_text][vc_column_text] Nr of days Price\/day Discount 1 1500 2 1500 3 1500 4 1350 10,0% 5 1350 10,0% 6 1350 10,0% 7 1200 20,0% 8 1200 20,0% 9 1200 20,0% 10 1200 20,0% 11 1200 20,0% &gt;11 1200 20,0% [\/vc_column_text][\/vc_column][vc_column width=&#8221;1\/2&#8243;][vc_column_text] Husqvarna Norden 901 [\/vc_column_text][vc_column_text] Nr of days [&hellip;]<\/p>\n","protected":false},"author":1,"featured_media":0,"parent":0,"menu_order":0,"comment_status":"closed","ping_status":"closed","template":"","meta":{"footnotes":""},"class_list":["post-2174","page","type-page","status-publish","hentry"],"yoast_head":"<!-- This site is optimized with the Yoast SEO plugin v24.1 - https:\/\/yoast.com\/wordpress\/plugins\/seo\/ -->\n<title>Tarifs location moto au Maroc - D\u00e9couvrez nos prix de location<\/title>\n<meta name=\"description\" content=\"D\u00e9couvrez nos tarifs de location de motos. Nous proposons des motos et accessoires de qualit\u00e9 sup\u00e9rieure pour la location. R\u00e9servez d\u00e8s maintenant\" \/>\n<meta name=\"robots\" content=\"index, follow, max-snippet:-1, max-image-preview:large, max-video-preview:-1\" \/>\n<link rel=\"canonical\" href=\"https:\/\/www.adventure-centre.com\/rental-bike-location-moto\/en\/tarifs\/\" \/>\n<meta property=\"og:locale\" content=\"en_US\" \/>\n<meta property=\"og:type\" content=\"article\" \/>\n<meta property=\"og:title\" content=\"Tarifs location moto au Maroc - D\u00e9couvrez nos prix de location\" \/>\n<meta property=\"og:description\" content=\"D\u00e9couvrez nos tarifs de location de motos. Nous proposons des motos et accessoires de qualit\u00e9 sup\u00e9rieure pour la location. R\u00e9servez d\u00e8s maintenant\" \/>\n<meta property=\"og:url\" content=\"https:\/\/www.adventure-centre.com\/rental-bike-location-moto\/en\/tarifs\/\" \/>\n<meta property=\"og:site_name\" content=\"Touratech Morocco\" \/>\n<meta property=\"article:modified_time\" content=\"2023-06-19T09:15:54+00:00\" \/>\n<meta name=\"twitter:card\" content=\"summary_large_image\" \/>\n<meta name=\"twitter:label1\" content=\"Est. reading time\" \/>\n\t<meta name=\"twitter:data1\" content=\"2 minutes\" \/>\n<script type=\"application\/ld+json\" class=\"yoast-schema-graph\">{\"@context\":\"https:\/\/schema.org\",\"@graph\":[{\"@type\":\"WebPage\",\"@id\":\"https:\/\/www.adventure-centre.com\/rental-bike-location-moto\/en\/tarifs\/\",\"url\":\"https:\/\/www.adventure-centre.com\/rental-bike-location-moto\/en\/tarifs\/\",\"name\":\"Tarifs location moto au Maroc - D\u00e9couvrez nos prix de location\",\"isPartOf\":{\"@id\":\"https:\/\/www.adventure-centre.com\/rental-bike-location-moto\/#website\"},\"datePublished\":\"2022-10-12T14:59:42+00:00\",\"dateModified\":\"2023-06-19T09:15:54+00:00\",\"description\":\"D\u00e9couvrez nos tarifs de location de motos. Nous proposons des motos et accessoires de qualit\u00e9 sup\u00e9rieure pour la location. R\u00e9servez d\u00e8s maintenant\",\"breadcrumb\":{\"@id\":\"https:\/\/www.adventure-centre.com\/rental-bike-location-moto\/en\/tarifs\/#breadcrumb\"},\"inLanguage\":\"en-US\",\"potentialAction\":[{\"@type\":\"ReadAction\",\"target\":[\"https:\/\/www.adventure-centre.com\/rental-bike-location-moto\/en\/tarifs\/\"]}]},{\"@type\":\"BreadcrumbList\",\"@id\":\"https:\/\/www.adventure-centre.com\/rental-bike-location-moto\/en\/tarifs\/#breadcrumb\",\"itemListElement\":[{\"@type\":\"ListItem\",\"position\":1,\"name\":\"Accueil\",\"item\":\"https:\/\/www.adventure-centre.com\/rental-bike-location-moto\/\"},{\"@type\":\"ListItem\",\"position\":2,\"name\":\"Price list\"}]},{\"@type\":\"WebSite\",\"@id\":\"https:\/\/www.adventure-centre.com\/rental-bike-location-moto\/#website\",\"url\":\"https:\/\/www.adventure-centre.com\/rental-bike-location-moto\/\",\"name\":\"Touratech Morocco\",\"description\":\"Louez une moto pour explorer le Maroc\",\"potentialAction\":[{\"@type\":\"SearchAction\",\"target\":{\"@type\":\"EntryPoint\",\"urlTemplate\":\"https:\/\/www.adventure-centre.com\/rental-bike-location-moto\/?s={search_term_string}\"},\"query-input\":{\"@type\":\"PropertyValueSpecification\",\"valueRequired\":true,\"valueName\":\"search_term_string\"}}],\"inLanguage\":\"en-US\"}]}<\/script>\n<!-- \/ Yoast SEO plugin. -->","yoast_head_json":{"title":"Tarifs location moto au Maroc - D\u00e9couvrez nos prix de location","description":"D\u00e9couvrez nos tarifs de location de motos. Nous proposons des motos et accessoires de qualit\u00e9 sup\u00e9rieure pour la location. R\u00e9servez d\u00e8s maintenant","robots":{"index":"index","follow":"follow","max-snippet":"max-snippet:-1","max-image-preview":"max-image-preview:large","max-video-preview":"max-video-preview:-1"},"canonical":"https:\/\/www.adventure-centre.com\/rental-bike-location-moto\/en\/tarifs\/","og_locale":"en_US","og_type":"article","og_title":"Tarifs location moto au Maroc - D\u00e9couvrez nos prix de location","og_description":"D\u00e9couvrez nos tarifs de location de motos. Nous proposons des motos et accessoires de qualit\u00e9 sup\u00e9rieure pour la location. R\u00e9servez d\u00e8s maintenant","og_url":"https:\/\/www.adventure-centre.com\/rental-bike-location-moto\/en\/tarifs\/","og_site_name":"Touratech Morocco","article_modified_time":"2023-06-19T09:15:54+00:00","twitter_card":"summary_large_image","twitter_misc":{"Est. reading time":"2 minutes"},"schema":{"@context":"https:\/\/schema.org","@graph":[{"@type":"WebPage","@id":"https:\/\/www.adventure-centre.com\/rental-bike-location-moto\/en\/tarifs\/","url":"https:\/\/www.adventure-centre.com\/rental-bike-location-moto\/en\/tarifs\/","name":"Tarifs location moto au Maroc - D\u00e9couvrez nos prix de location","isPartOf":{"@id":"https:\/\/www.adventure-centre.com\/rental-bike-location-moto\/#website"},"datePublished":"2022-10-12T14:59:42+00:00","dateModified":"2023-06-19T09:15:54+00:00","description":"D\u00e9couvrez nos tarifs de location de motos. Nous proposons des motos et accessoires de qualit\u00e9 sup\u00e9rieure pour la location. R\u00e9servez d\u00e8s maintenant","breadcrumb":{"@id":"https:\/\/www.adventure-centre.com\/rental-bike-location-moto\/en\/tarifs\/#breadcrumb"},"inLanguage":"en-US","potentialAction":[{"@type":"ReadAction","target":["https:\/\/www.adventure-centre.com\/rental-bike-location-moto\/en\/tarifs\/"]}]},{"@type":"BreadcrumbList","@id":"https:\/\/www.adventure-centre.com\/rental-bike-location-moto\/en\/tarifs\/#breadcrumb","itemListElement":[{"@type":"ListItem","position":1,"name":"Accueil","item":"https:\/\/www.adventure-centre.com\/rental-bike-location-moto\/"},{"@type":"ListItem","position":2,"name":"Price list"}]},{"@type":"WebSite","@id":"https:\/\/www.adventure-centre.com\/rental-bike-location-moto\/#website","url":"https:\/\/www.adventure-centre.com\/rental-bike-location-moto\/","name":"Touratech Morocco","description":"Louez une moto pour explorer le Maroc","potentialAction":[{"@type":"SearchAction","target":{"@type":"EntryPoint","urlTemplate":"https:\/\/www.adventure-centre.com\/rental-bike-location-moto\/?s={search_term_string}"},"query-input":{"@type":"PropertyValueSpecification","valueRequired":true,"valueName":"search_term_string"}}],"inLanguage":"en-US"}]}},"_links":{"self":[{"href":"https:\/\/www.adventure-centre.com\/rental-bike-location-moto\/en\/wp-json\/wp\/v2\/pages\/2174","targetHints":{"allow":["GET"]}}],"collection":[{"href":"https:\/\/www.adventure-centre.com\/rental-bike-location-moto\/en\/wp-json\/wp\/v2\/pages"}],"about":[{"href":"https:\/\/www.adventure-centre.com\/rental-bike-location-moto\/en\/wp-json\/wp\/v2\/types\/page"}],"author":[{"embeddable":true,"href":"https:\/\/www.adventure-centre.com\/rental-bike-location-moto\/en\/wp-json\/wp\/v2\/users\/1"}],"replies":[{"embeddable":true,"href":"https:\/\/www.adventure-centre.com\/rental-bike-location-moto\/en\/wp-json\/wp\/v2\/comments?post=2174"}],"version-history":[{"count":14,"href":"https:\/\/www.adventure-centre.com\/rental-bike-location-moto\/en\/wp-json\/wp\/v2\/pages\/2174\/revisions"}],"predecessor-version":[{"id":3000,"href":"https:\/\/www.adventure-centre.com\/rental-bike-location-moto\/en\/wp-json\/wp\/v2\/pages\/2174\/revisions\/3000"}],"wp:attachment":[{"href":"https:\/\/www.adventure-centre.com\/rental-bike-location-moto\/en\/wp-json\/wp\/v2\/media?parent=2174"}],"curies":[{"name":"wp","href":"https:\/\/api.w.org\/{rel}","templated":true}]}}